{"id":93,"date":"2021-10-24T18:02:55","date_gmt":"2021-10-24T18:02:55","guid":{"rendered":"http:\/\/bonny.tv\/?page_id=93"},"modified":"2021-10-25T08:12:39","modified_gmt":"2021-10-25T08:12:39","slug":"kabelanschluss","status":"publish","type":"page","link":"https:\/\/bonny.tv\/?page_id=93","title":{"rendered":"Kabelanschluss"},"content":{"rendered":"\n<div class=\"wp-block-image is-style-default\"><figure class=\"aligncenter size-full\"><img loading=\"lazy\" decoding=\"async\" width=\"150\" height=\"114\" src=\"https:\/\/bonny.tv\/wp-content\/uploads\/2021\/10\/kabel_logo.gif\" alt=\"\" class=\"wp-image-109\"\/><\/figure><\/div>\n\n\n\n<p class=\"has-black-color has-text-color\">Die Kabelfernsehanlagen werden von uns ausschlie\u00dflich mit sehr hochwertigen Materialien und nach den aktuellsten technischen Anforderungen installiert. Kabelfernsehanlagen dienen der \u00dcbertragung von digitalen Fernseh- und Radioprogrammen in SD-, HD- und UHD-Qualit\u00e4t.<\/p>\n\n\n\n<p class=\"has-text-align-center has-black-color has-text-color\">Kontaktieren Sie uns, wir erstellen Ihnen ein unverbindliches Angebot nach Ihren W\u00fcnschen.<\/p>\n\n\n\n<p class=\"has-text-align-center\"><a href=\"https:\/\/bonny.tv\/?page_id=58\" data-type=\"URL\" data-id=\"https:\/\/bonny.tv\/?page_id=58\">&gt;&gt;&gt;hier klicken&lt;&lt;&lt;<\/a><\/p>\n","protected":false},"excerpt":{"rendered":"<p>Die Kabelfernsehanlagen werden von uns ausschlie\u00dflich mit sehr hochwertigen Materialien und nach den aktuellsten technischen Anforderungen installiert. Kabelfernsehanlagen dienen der \u00dcbertragung von digitalen Fernseh- und Radioprogrammen in SD-, HD- und UHD-Qualit\u00e4t. Kontaktieren Sie uns, wir erstellen Ihnen ein unverbindliches Angebot nach Ihren W\u00fcnschen. &gt;&gt;&gt;hier klicken&lt;&lt;&lt;<\/p>\n","protected":false},"author":1,"featured_media":0,"parent":0,"menu_order":0,"comment_status":"closed","ping_status":"closed","template":"","meta":{"footnotes":""},"class_list":["post-93","page","type-page","status-publish","hentry"],"yoast_head":"<!-- This site is optimized with the Yoast SEO plugin v27.3 - https:\/\/yoast.com\/product\/yoast-seo-wordpress\/ -->\n<title>Kabelanschluss - Antennentechnik Bonny<\/title>\n<meta name=\"robots\" content=\"index, follow, max-snippet:-1, max-image-preview:large, max-video-preview:-1\" \/>\n<link rel=\"canonical\" href=\"https:\/\/bonny.tv\/?page_id=93\" \/>\n<meta property=\"og:locale\" content=\"de_DE\" \/>\n<meta property=\"og:type\" content=\"article\" \/>\n<meta property=\"og:title\" content=\"Kabelanschluss - Antennentechnik Bonny\" \/>\n<meta property=\"og:description\" content=\"Die Kabelfernsehanlagen werden von uns ausschlie\u00dflich mit sehr hochwertigen Materialien und nach den aktuellsten technischen Anforderungen installiert. Kabelfernsehanlagen dienen der \u00dcbertragung von digitalen Fernseh- und Radioprogrammen in SD-, HD- und UHD-Qualit\u00e4t. Kontaktieren Sie uns, wir erstellen Ihnen ein unverbindliches Angebot nach Ihren W\u00fcnschen. &gt;&gt;&gt;hier klicken&lt;&lt;&lt;\" \/>\n<meta property=\"og:url\" content=\"https:\/\/bonny.tv\/?page_id=93\" \/>\n<meta property=\"og:site_name\" content=\"Antennentechnik Bonny\" \/>\n<meta property=\"article:modified_time\" content=\"2021-10-25T08:12:39+00:00\" \/>\n<meta property=\"og:image\" content=\"http:\/\/bonny.tv\/wp-content\/uploads\/2021\/10\/kabel_logo.gif\" \/>\n<meta name=\"twitter:card\" content=\"summary_large_image\" \/>\n<script type=\"application\/ld+json\" class=\"yoast-schema-graph\">{\"@context\":\"https:\\\/\\\/schema.org\",\"@graph\":[{\"@type\":\"WebPage\",\"@id\":\"https:\\\/\\\/bonny.tv\\\/?page_id=93\",\"url\":\"https:\\\/\\\/bonny.tv\\\/?page_id=93\",\"name\":\"Kabelanschluss - Antennentechnik Bonny\",\"isPartOf\":{\"@id\":\"https:\\\/\\\/bonny.tv\\\/#website\"},\"primaryImageOfPage\":{\"@id\":\"https:\\\/\\\/bonny.tv\\\/?page_id=93#primaryimage\"},\"image\":{\"@id\":\"https:\\\/\\\/bonny.tv\\\/?page_id=93#primaryimage\"},\"thumbnailUrl\":\"http:\\\/\\\/bonny.tv\\\/wp-content\\\/uploads\\\/2021\\\/10\\\/kabel_logo.gif\",\"datePublished\":\"2021-10-24T18:02:55+00:00\",\"dateModified\":\"2021-10-25T08:12:39+00:00\",\"breadcrumb\":{\"@id\":\"https:\\\/\\\/bonny.tv\\\/?page_id=93#breadcrumb\"},\"inLanguage\":\"de\",\"potentialAction\":[{\"@type\":\"ReadAction\",\"target\":[\"https:\\\/\\\/bonny.tv\\\/?page_id=93\"]}]},{\"@type\":\"ImageObject\",\"inLanguage\":\"de\",\"@id\":\"https:\\\/\\\/bonny.tv\\\/?page_id=93#primaryimage\",\"url\":\"http:\\\/\\\/bonny.tv\\\/wp-content\\\/uploads\\\/2021\\\/10\\\/kabel_logo.gif\",\"contentUrl\":\"http:\\\/\\\/bonny.tv\\\/wp-content\\\/uploads\\\/2021\\\/10\\\/kabel_logo.gif\"},{\"@type\":\"BreadcrumbList\",\"@id\":\"https:\\\/\\\/bonny.tv\\\/?page_id=93#breadcrumb\",\"itemListElement\":[{\"@type\":\"ListItem\",\"position\":1,\"name\":\"Startseite\",\"item\":\"https:\\\/\\\/bonny.tv\\\/\"},{\"@type\":\"ListItem\",\"position\":2,\"name\":\"Kabelanschluss\"}]},{\"@type\":\"WebSite\",\"@id\":\"https:\\\/\\\/bonny.tv\\\/#website\",\"url\":\"https:\\\/\\\/bonny.tv\\\/\",\"name\":\"Antennentechnik Bonny\",\"description\":\"Ludwig-Meyn-Strasse 7 * 25421 Pinneberg * 0172 410 40 46\",\"potentialAction\":[{\"@type\":\"SearchAction\",\"target\":{\"@type\":\"EntryPoint\",\"urlTemplate\":\"https:\\\/\\\/bonny.tv\\\/?s={search_term_string}\"},\"query-input\":{\"@type\":\"PropertyValueSpecification\",\"valueRequired\":true,\"valueName\":\"search_term_string\"}}],\"inLanguage\":\"de\"}]}<\/script>\n<!-- \/ Yoast SEO plugin. -->","yoast_head_json":{"title":"Kabelanschluss - Antennentechnik Bonny","robots":{"index":"index","follow":"follow","max-snippet":"max-snippet:-1","max-image-preview":"max-image-preview:large","max-video-preview":"max-video-preview:-1"},"canonical":"https:\/\/bonny.tv\/?page_id=93","og_locale":"de_DE","og_type":"article","og_title":"Kabelanschluss - Antennentechnik Bonny","og_description":"Die Kabelfernsehanlagen werden von uns ausschlie\u00dflich mit sehr hochwertigen Materialien und nach den aktuellsten technischen Anforderungen installiert. Kabelfernsehanlagen dienen der \u00dcbertragung von digitalen Fernseh- und Radioprogrammen in SD-, HD- und UHD-Qualit\u00e4t. Kontaktieren Sie uns, wir erstellen Ihnen ein unverbindliches Angebot nach Ihren W\u00fcnschen. &gt;&gt;&gt;hier klicken&lt;&lt;&lt;","og_url":"https:\/\/bonny.tv\/?page_id=93","og_site_name":"Antennentechnik Bonny","article_modified_time":"2021-10-25T08:12:39+00:00","og_image":[{"url":"http:\/\/bonny.tv\/wp-content\/uploads\/2021\/10\/kabel_logo.gif","type":"","width":"","height":""}],"twitter_card":"summary_large_image","schema":{"@context":"https:\/\/schema.org","@graph":[{"@type":"WebPage","@id":"https:\/\/bonny.tv\/?page_id=93","url":"https:\/\/bonny.tv\/?page_id=93","name":"Kabelanschluss - Antennentechnik Bonny","isPartOf":{"@id":"https:\/\/bonny.tv\/#website"},"primaryImageOfPage":{"@id":"https:\/\/bonny.tv\/?page_id=93#primaryimage"},"image":{"@id":"https:\/\/bonny.tv\/?page_id=93#primaryimage"},"thumbnailUrl":"http:\/\/bonny.tv\/wp-content\/uploads\/2021\/10\/kabel_logo.gif","datePublished":"2021-10-24T18:02:55+00:00","dateModified":"2021-10-25T08:12:39+00:00","breadcrumb":{"@id":"https:\/\/bonny.tv\/?page_id=93#breadcrumb"},"inLanguage":"de","potentialAction":[{"@type":"ReadAction","target":["https:\/\/bonny.tv\/?page_id=93"]}]},{"@type":"ImageObject","inLanguage":"de","@id":"https:\/\/bonny.tv\/?page_id=93#primaryimage","url":"http:\/\/bonny.tv\/wp-content\/uploads\/2021\/10\/kabel_logo.gif","contentUrl":"http:\/\/bonny.tv\/wp-content\/uploads\/2021\/10\/kabel_logo.gif"},{"@type":"BreadcrumbList","@id":"https:\/\/bonny.tv\/?page_id=93#breadcrumb","itemListElement":[{"@type":"ListItem","position":1,"name":"Startseite","item":"https:\/\/bonny.tv\/"},{"@type":"ListItem","position":2,"name":"Kabelanschluss"}]},{"@type":"WebSite","@id":"https:\/\/bonny.tv\/#website","url":"https:\/\/bonny.tv\/","name":"Antennentechnik Bonny","description":"Ludwig-Meyn-Strasse 7 * 25421 Pinneberg * 0172 410 40 46","potentialAction":[{"@type":"SearchAction","target":{"@type":"EntryPoint","urlTemplate":"https:\/\/bonny.tv\/?s={search_term_string}"},"query-input":{"@type":"PropertyValueSpecification","valueRequired":true,"valueName":"search_term_string"}}],"inLanguage":"de"}]}},"_links":{"self":[{"href":"https:\/\/bonny.tv\/index.php?rest_route=\/wp\/v2\/pages\/93","targetHints":{"allow":["GET"]}}],"collection":[{"href":"https:\/\/bonny.tv\/index.php?rest_route=\/wp\/v2\/pages"}],"about":[{"href":"https:\/\/bonny.tv\/index.php?rest_route=\/wp\/v2\/types\/page"}],"author":[{"embeddable":true,"href":"https:\/\/bonny.tv\/index.php?rest_route=\/wp\/v2\/users\/1"}],"replies":[{"embeddable":true,"href":"https:\/\/bonny.tv\/index.php?rest_route=%2Fwp%2Fv2%2Fcomments&post=93"}],"version-history":[{"count":9,"href":"https:\/\/bonny.tv\/index.php?rest_route=\/wp\/v2\/pages\/93\/revisions"}],"predecessor-version":[{"id":184,"href":"https:\/\/bonny.tv\/index.php?rest_route=\/wp\/v2\/pages\/93\/revisions\/184"}],"wp:attachment":[{"href":"https:\/\/bonny.tv\/index.php?rest_route=%2Fwp%2Fv2%2Fmedia&parent=93"}],"curies":[{"name":"wp","href":"https:\/\/api.w.org\/{rel}","templated":true}]}}