{"id":9,"date":"2021-10-24T14:38:54","date_gmt":"2021-10-24T14:38:54","guid":{"rendered":"http:\/\/bonny.tv\/?page_id=9"},"modified":"2021-11-17T18:10:26","modified_gmt":"2021-11-17T18:10:26","slug":"wartung","status":"publish","type":"page","link":"https:\/\/bonny.tv\/?page_id=9","title":{"rendered":"Wartung"},"content":{"rendered":"\n<p class=\"has-black-color has-text-color\">Es gibt verschiedene Arten von Wartungsvertr\u00e4gen, die wir mit Grundst\u00fccksverwaltungen, Hausverwaltungen, Eigent\u00fcmergemeinschaften, Privatpersonen etc. abschlie\u00dfen. Die Wartungskosten sind abh\u00e4ngig von dem technischen Aufwand der Anlage, und sind ab Betriebsbereitschaft der Anlage j\u00e4hrlich im Voraus an uns zu entrichten. Wir bieten dem Wartungskunden verschiedene Varianten von Vertr\u00e4gen an:<\/p>\n\n\n\n<p class=\"has-text-align-center has-medium-font-size\"><strong>Mietanlagen<\/strong><\/p>\n\n\n\n<p>F\u00fcr Mietanlagen \u00fcbernehmen wir die Planung, Montage, Instandhaltung und Wartung auf unsere Kosten. Die Mietanlage wird dem Nutzer gegen eine monatliche Geb\u00fchr zur Verf\u00fcgung gestellt.<\/p>\n\n\n\n<p>Die Mietanlage umfasst:<\/p>\n\n\n\n<p>die laufende Pflege, Instandhaltung und die messtechnische Pr\u00fcfung der Anlage. Das hei\u00dft, wir beseitigen auf unsere Kosten alle an der Anlage auftretenden St\u00f6rungen, die bei ordnungsgem\u00e4\u00dfem Gebrauch durch Abnutzung der Anlage entstehen, ersetzen alle durch Verschlei\u00df und Korrosion unbrauchbar gewordenen Teile und stellen die erforderlichen Hilfsmittel f\u00fcr die Instandhaltung und innere Reinigung der Anlage.<\/p>\n\n\n\n<p>Unsere Leistungen erstrecken sich nicht auf die Beseitigung von St\u00f6rungen oder M\u00e4ngeln, deren Ursache au\u00dferhalb der Anlage liegen (z.B. durch bauliche Ma\u00dfnahmen in der Umgebung, sendetechnische \u00c4nderungen usw.).<\/p>\n\n\n\n<p class=\"has-text-align-center has-medium-font-size\"><strong>Wartungsvertrag &#8222;standard&#8220;<\/strong><\/p>\n\n\n\n<p>Die Wartung umfasst:<\/p>\n\n\n\n<p>die Pflege und die Pr\u00fcfung der Anlage auf mangelfreie Funktion und Beschaffenheit in Abst\u00e4nden von 1 Jahr unter Ber\u00fccksichtigung der einschl\u00e4gigen Vorschriften. Die Beseitigung aller St\u00f6rungen und sonstigen M\u00e4ngel durch Instandsetzung oder Ersatzteillieferung. Instandsetzungen bzw. Ersatzlieferungen werden gesondert in Rechnung gestellt.<\/p>\n\n\n\n<p>Mit dem Wartungspreis sind die Kosten f\u00fcr folgende Leistungen abgegolten:<\/p>\n\n\n\n<p>Pflege-, Mess- und Pr\u00fcfarbeiten<br>An- und Abfahrten<br>Bereitschaftdienst<br>Der Wartungskunde verg\u00fctet zu den \u00fcblichen S\u00e4tzen des Wartungsunternehmens zus\u00e4tzlich den Zeitaufwand f\u00fcr:<\/p>\n\n\n\n<p>dem Wartungsunternehmen gemeldete St\u00f6rungen, die auf defekte Fernseh-, Video- und Rundfunkger\u00e4te, Bedienungsfehler an den Empfangsger\u00e4ten, eigenm\u00e4chtige Eingriffe in die Anlage oder Vandalismus zur\u00fcckzuf\u00fchren sind.<br>Der Wartungskunde l\u00e4sst alle Arbeiten zur Instandsetzung sowie Erweiterungen und sonstige \u00c4nderungen der Anlage nur durch das Wartungsunternehmen ausf\u00fchren. Erweiterungen werden gegen entsprechende \u00c4nderung der Wartungsgeb\u00fchren in den Vertrag einbezogen.<\/p>\n\n\n\n<p class=\"has-text-align-center has-medium-font-size\"><strong>Vollwartung<\/strong><\/p>\n\n\n\n<p>Die Vollwartung umfasst:<\/p>\n\n\n\n<p>die laufende Pflege, Instandhaltung und die messtechnische Pr\u00fcfung der Anlage. Das hei\u00dft wir beseitigen auf unsere Kosten alle an der Anlage auftretenden St\u00f6rungen, die bei ordnungsgem\u00e4\u00dfem Gebrauch durch Abnutzung der Anlage entstehen, ersetzen alle durch Verschlei\u00df und Korrosion unbrauchbar gewordenen Teile und stellen die erforderlichen Hilfsmittel f\u00fcr die Instandhaltung und innere Reinigung der Anlage.<\/p>\n\n\n\n<p>Unsere Leistungen erstrecken sich nicht auf die Beseitigung von St\u00f6rungen oder M\u00e4ngeln, deren Ursache au\u00dferhalb der Anlage liegt (z.B. durch bauliche Ma\u00dfnahmen in der Umgebung, sendetechnische \u00c4nderungen usw.).<\/p>\n","protected":false},"excerpt":{"rendered":"<p>Es gibt verschiedene Arten von Wartungsvertr\u00e4gen, die wir mit Grundst\u00fccksverwaltungen, Hausverwaltungen, Eigent\u00fcmergemeinschaften, Privatpersonen etc. abschlie\u00dfen. Die Wartungskosten sind abh\u00e4ngig von dem technischen Aufwand der Anlage, und sind ab Betriebsbereitschaft der Anlage j\u00e4hrlich im Voraus an uns zu entrichten. Wir bieten dem Wartungskunden verschiedene Varianten von Vertr\u00e4gen an: Mietanlagen F\u00fcr Mietanlagen \u00fcbernehmen wir die Planung, Montage, [&hellip;]<\/p>\n","protected":false},"author":1,"featured_media":0,"parent":0,"menu_order":0,"comment_status":"closed","ping_status":"closed","template":"","meta":{"footnotes":""},"class_list":["post-9","page","type-page","status-publish","hentry"],"yoast_head":"<!-- This site is optimized with the Yoast SEO plugin v27.3 - https:\/\/yoast.com\/product\/yoast-seo-wordpress\/ -->\n<title>Wartung - Antennentechnik Bonny<\/title>\n<meta name=\"robots\" content=\"index, follow, max-snippet:-1, max-image-preview:large, max-video-preview:-1\" \/>\n<link rel=\"canonical\" href=\"https:\/\/bonny.tv\/?page_id=9\" \/>\n<meta property=\"og:locale\" content=\"de_DE\" \/>\n<meta property=\"og:type\" content=\"article\" \/>\n<meta property=\"og:title\" content=\"Wartung - Antennentechnik Bonny\" \/>\n<meta property=\"og:description\" content=\"Es gibt verschiedene Arten von Wartungsvertr\u00e4gen, die wir mit Grundst\u00fccksverwaltungen, Hausverwaltungen, Eigent\u00fcmergemeinschaften, Privatpersonen etc. abschlie\u00dfen. Die Wartungskosten sind abh\u00e4ngig von dem technischen Aufwand der Anlage, und sind ab Betriebsbereitschaft der Anlage j\u00e4hrlich im Voraus an uns zu entrichten. Wir bieten dem Wartungskunden verschiedene Varianten von Vertr\u00e4gen an: Mietanlagen F\u00fcr Mietanlagen \u00fcbernehmen wir die Planung, Montage, [&hellip;]\" \/>\n<meta property=\"og:url\" content=\"https:\/\/bonny.tv\/?page_id=9\" \/>\n<meta property=\"og:site_name\" content=\"Antennentechnik Bonny\" \/>\n<meta property=\"article:modified_time\" content=\"2021-11-17T18:10:26+00:00\" \/>\n<meta name=\"twitter:card\" content=\"summary_large_image\" \/>\n<meta name=\"twitter:label1\" content=\"Gesch\u00e4tzte Lesezeit\" \/>\n\t<meta name=\"twitter:data1\" content=\"2\u00a0Minuten\" \/>\n<script type=\"application\/ld+json\" class=\"yoast-schema-graph\">{\"@context\":\"https:\\\/\\\/schema.org\",\"@graph\":[{\"@type\":\"WebPage\",\"@id\":\"https:\\\/\\\/bonny.tv\\\/?page_id=9\",\"url\":\"https:\\\/\\\/bonny.tv\\\/?page_id=9\",\"name\":\"Wartung - Antennentechnik Bonny\",\"isPartOf\":{\"@id\":\"https:\\\/\\\/bonny.tv\\\/#website\"},\"datePublished\":\"2021-10-24T14:38:54+00:00\",\"dateModified\":\"2021-11-17T18:10:26+00:00\",\"breadcrumb\":{\"@id\":\"https:\\\/\\\/bonny.tv\\\/?page_id=9#breadcrumb\"},\"inLanguage\":\"de\",\"potentialAction\":[{\"@type\":\"ReadAction\",\"target\":[\"https:\\\/\\\/bonny.tv\\\/?page_id=9\"]}]},{\"@type\":\"BreadcrumbList\",\"@id\":\"https:\\\/\\\/bonny.tv\\\/?page_id=9#breadcrumb\",\"itemListElement\":[{\"@type\":\"ListItem\",\"position\":1,\"name\":\"Startseite\",\"item\":\"https:\\\/\\\/bonny.tv\\\/\"},{\"@type\":\"ListItem\",\"position\":2,\"name\":\"Wartung\"}]},{\"@type\":\"WebSite\",\"@id\":\"https:\\\/\\\/bonny.tv\\\/#website\",\"url\":\"https:\\\/\\\/bonny.tv\\\/\",\"name\":\"Antennentechnik Bonny\",\"description\":\"Ludwig-Meyn-Strasse 7 * 25421 Pinneberg * 0172 410 40 46\",\"potentialAction\":[{\"@type\":\"SearchAction\",\"target\":{\"@type\":\"EntryPoint\",\"urlTemplate\":\"https:\\\/\\\/bonny.tv\\\/?s={search_term_string}\"},\"query-input\":{\"@type\":\"PropertyValueSpecification\",\"valueRequired\":true,\"valueName\":\"search_term_string\"}}],\"inLanguage\":\"de\"}]}<\/script>\n<!-- \/ Yoast SEO plugin. -->","yoast_head_json":{"title":"Wartung - Antennentechnik Bonny","robots":{"index":"index","follow":"follow","max-snippet":"max-snippet:-1","max-image-preview":"max-image-preview:large","max-video-preview":"max-video-preview:-1"},"canonical":"https:\/\/bonny.tv\/?page_id=9","og_locale":"de_DE","og_type":"article","og_title":"Wartung - Antennentechnik Bonny","og_description":"Es gibt verschiedene Arten von Wartungsvertr\u00e4gen, die wir mit Grundst\u00fccksverwaltungen, Hausverwaltungen, Eigent\u00fcmergemeinschaften, Privatpersonen etc. abschlie\u00dfen. Die Wartungskosten sind abh\u00e4ngig von dem technischen Aufwand der Anlage, und sind ab Betriebsbereitschaft der Anlage j\u00e4hrlich im Voraus an uns zu entrichten. Wir bieten dem Wartungskunden verschiedene Varianten von Vertr\u00e4gen an: Mietanlagen F\u00fcr Mietanlagen \u00fcbernehmen wir die Planung, Montage, [&hellip;]","og_url":"https:\/\/bonny.tv\/?page_id=9","og_site_name":"Antennentechnik Bonny","article_modified_time":"2021-11-17T18:10:26+00:00","twitter_card":"summary_large_image","twitter_misc":{"Gesch\u00e4tzte Lesezeit":"2\u00a0Minuten"},"schema":{"@context":"https:\/\/schema.org","@graph":[{"@type":"WebPage","@id":"https:\/\/bonny.tv\/?page_id=9","url":"https:\/\/bonny.tv\/?page_id=9","name":"Wartung - Antennentechnik Bonny","isPartOf":{"@id":"https:\/\/bonny.tv\/#website"},"datePublished":"2021-10-24T14:38:54+00:00","dateModified":"2021-11-17T18:10:26+00:00","breadcrumb":{"@id":"https:\/\/bonny.tv\/?page_id=9#breadcrumb"},"inLanguage":"de","potentialAction":[{"@type":"ReadAction","target":["https:\/\/bonny.tv\/?page_id=9"]}]},{"@type":"BreadcrumbList","@id":"https:\/\/bonny.tv\/?page_id=9#breadcrumb","itemListElement":[{"@type":"ListItem","position":1,"name":"Startseite","item":"https:\/\/bonny.tv\/"},{"@type":"ListItem","position":2,"name":"Wartung"}]},{"@type":"WebSite","@id":"https:\/\/bonny.tv\/#website","url":"https:\/\/bonny.tv\/","name":"Antennentechnik Bonny","description":"Ludwig-Meyn-Strasse 7 * 25421 Pinneberg * 0172 410 40 46","potentialAction":[{"@type":"SearchAction","target":{"@type":"EntryPoint","urlTemplate":"https:\/\/bonny.tv\/?s={search_term_string}"},"query-input":{"@type":"PropertyValueSpecification","valueRequired":true,"valueName":"search_term_string"}}],"inLanguage":"de"}]}},"_links":{"self":[{"href":"https:\/\/bonny.tv\/index.php?rest_route=\/wp\/v2\/pages\/9","targetHints":{"allow":["GET"]}}],"collection":[{"href":"https:\/\/bonny.tv\/index.php?rest_route=\/wp\/v2\/pages"}],"about":[{"href":"https:\/\/bonny.tv\/index.php?rest_route=\/wp\/v2\/types\/page"}],"author":[{"embeddable":true,"href":"https:\/\/bonny.tv\/index.php?rest_route=\/wp\/v2\/users\/1"}],"replies":[{"embeddable":true,"href":"https:\/\/bonny.tv\/index.php?rest_route=%2Fwp%2Fv2%2Fcomments&post=9"}],"version-history":[{"count":7,"href":"https:\/\/bonny.tv\/index.php?rest_route=\/wp\/v2\/pages\/9\/revisions"}],"predecessor-version":[{"id":220,"href":"https:\/\/bonny.tv\/index.php?rest_route=\/wp\/v2\/pages\/9\/revisions\/220"}],"wp:attachment":[{"href":"https:\/\/bonny.tv\/index.php?rest_route=%2Fwp%2Fv2%2Fmedia&parent=9"}],"curies":[{"name":"wp","href":"https:\/\/api.w.org\/{rel}","templated":true}]}}