{"id":87,"date":"2021-10-24T17:53:56","date_gmt":"2021-10-24T17:53:56","guid":{"rendered":"http:\/\/bonny.tv\/?page_id=87"},"modified":"2021-10-26T20:04:18","modified_gmt":"2021-10-26T20:04:18","slug":"satellitenanlagen","status":"publish","type":"page","link":"https:\/\/bonny.tv\/?page_id=87","title":{"rendered":"Satellitenanlagen"},"content":{"rendered":"\n<figure class=\"wp-block-table\"><table><tbody><tr><td><img loading=\"lazy\" decoding=\"async\" width=\"150\" height=\"200\" class=\"wp-image-17\" style=\"width: 150px;\" src=\"https:\/\/bonny.tv\/wp-content\/uploads\/2021\/10\/antenne_dach.jpg\" alt=\"\"><\/td><td><img loading=\"lazy\" decoding=\"async\" width=\"150\" height=\"200\" class=\"wp-image-18\" style=\"width: 150px;\" src=\"https:\/\/bonny.tv\/wp-content\/uploads\/2021\/10\/antenne_boecke.jpg\" alt=\"\"><\/td><td><img loading=\"lazy\" decoding=\"async\" width=\"150\" height=\"199\" class=\"wp-image-16\" style=\"width: 150px;\" src=\"https:\/\/bonny.tv\/wp-content\/uploads\/2021\/10\/antenne_wand.jpg\" alt=\"\"><\/td><\/tr><\/tbody><\/table><\/figure>\n\n\n\n<p class=\"has-black-color has-text-color\">Die Anlagen werden von uns ausschlie\u00dflich mit sehr hochwertigen Materialien und nach den aktuellsten technischen Anforderungen installiert. Satellitenanlagen dienen der \u00dcbertragung von digitalen Fernseh- und Radioprogrammen in SD-, HD- und UHD-Qualit\u00e4t. Satellitenempfang hat gegen\u00fcber dem Kabelfernsehen und DVB-T2 entscheidende Vorteile wie:<\/p>\n\n\n\n<ul class=\"wp-block-list\"><li>Sie bestimmen Ihr Programmangebot<\/li><li>keine monatlichen Geb\u00fchren<\/li><li>gr\u00f6\u00dfte Programmauswahl<\/li><li>zukunftssicher<\/li><\/ul>\n\n\n\n<p class=\"has-text-align-center has-black-color has-text-color\">Kontaktieren Sie uns, wir erstellen Ihnen ein unverbindliches Angebot nach Ihren W\u00fcnschen.<\/p>\n\n\n\n<p class=\"has-text-align-center\"><a href=\"https:\/\/bonny.tv\/?page_id=58\" data-type=\"URL\" data-id=\"https:\/\/bonny.tv\/?page_id=58\">&gt;&gt;&gt;hier klicken&lt;&lt;&lt;<\/a><\/p>\n","protected":false},"excerpt":{"rendered":"<p>Die Anlagen werden von uns ausschlie\u00dflich mit sehr hochwertigen Materialien und nach den aktuellsten technischen Anforderungen installiert. Satellitenanlagen dienen der \u00dcbertragung von digitalen Fernseh- und Radioprogrammen in SD-, HD- und UHD-Qualit\u00e4t. Satellitenempfang hat gegen\u00fcber dem Kabelfernsehen und DVB-T2 entscheidende Vorteile wie: Sie bestimmen Ihr Programmangebot keine monatlichen Geb\u00fchren gr\u00f6\u00dfte Programmauswahl zukunftssicher Kontaktieren Sie uns, wir [&hellip;]<\/p>\n","protected":false},"author":1,"featured_media":0,"parent":0,"menu_order":0,"comment_status":"closed","ping_status":"closed","template":"","meta":{"footnotes":""},"class_list":["post-87","page","type-page","status-publish","hentry"],"yoast_head":"<!-- This site is optimized with the Yoast SEO plugin v27.3 - https:\/\/yoast.com\/product\/yoast-seo-wordpress\/ -->\n<title>Satellitenanlagen - Antennentechnik Bonny<\/title>\n<meta name=\"robots\" content=\"index, follow, max-snippet:-1, max-image-preview:large, max-video-preview:-1\" \/>\n<link rel=\"canonical\" href=\"https:\/\/bonny.tv\/?page_id=87\" \/>\n<meta property=\"og:locale\" content=\"de_DE\" \/>\n<meta property=\"og:type\" content=\"article\" \/>\n<meta property=\"og:title\" content=\"Satellitenanlagen - Antennentechnik Bonny\" \/>\n<meta property=\"og:description\" content=\"Die Anlagen werden von uns ausschlie\u00dflich mit sehr hochwertigen Materialien und nach den aktuellsten technischen Anforderungen installiert. Satellitenanlagen dienen der \u00dcbertragung von digitalen Fernseh- und Radioprogrammen in SD-, HD- und UHD-Qualit\u00e4t. Satellitenempfang hat gegen\u00fcber dem Kabelfernsehen und DVB-T2 entscheidende Vorteile wie: Sie bestimmen Ihr Programmangebot keine monatlichen Geb\u00fchren gr\u00f6\u00dfte Programmauswahl zukunftssicher Kontaktieren Sie uns, wir [&hellip;]\" \/>\n<meta property=\"og:url\" content=\"https:\/\/bonny.tv\/?page_id=87\" \/>\n<meta property=\"og:site_name\" content=\"Antennentechnik Bonny\" \/>\n<meta property=\"article:modified_time\" content=\"2021-10-26T20:04:18+00:00\" \/>\n<meta property=\"og:image\" content=\"http:\/\/bonny.tv\/wp-content\/uploads\/2021\/10\/antenne_dach.jpg\" \/>\n<meta name=\"twitter:card\" content=\"summary_large_image\" \/>\n<script type=\"application\/ld+json\" class=\"yoast-schema-graph\">{\"@context\":\"https:\\\/\\\/schema.org\",\"@graph\":[{\"@type\":\"WebPage\",\"@id\":\"https:\\\/\\\/bonny.tv\\\/?page_id=87\",\"url\":\"https:\\\/\\\/bonny.tv\\\/?page_id=87\",\"name\":\"Satellitenanlagen - Antennentechnik Bonny\",\"isPartOf\":{\"@id\":\"https:\\\/\\\/bonny.tv\\\/#website\"},\"primaryImageOfPage\":{\"@id\":\"https:\\\/\\\/bonny.tv\\\/?page_id=87#primaryimage\"},\"image\":{\"@id\":\"https:\\\/\\\/bonny.tv\\\/?page_id=87#primaryimage\"},\"thumbnailUrl\":\"http:\\\/\\\/bonny.tv\\\/wp-content\\\/uploads\\\/2021\\\/10\\\/antenne_dach.jpg\",\"datePublished\":\"2021-10-24T17:53:56+00:00\",\"dateModified\":\"2021-10-26T20:04:18+00:00\",\"breadcrumb\":{\"@id\":\"https:\\\/\\\/bonny.tv\\\/?page_id=87#breadcrumb\"},\"inLanguage\":\"de\",\"potentialAction\":[{\"@type\":\"ReadAction\",\"target\":[\"https:\\\/\\\/bonny.tv\\\/?page_id=87\"]}]},{\"@type\":\"ImageObject\",\"inLanguage\":\"de\",\"@id\":\"https:\\\/\\\/bonny.tv\\\/?page_id=87#primaryimage\",\"url\":\"http:\\\/\\\/bonny.tv\\\/wp-content\\\/uploads\\\/2021\\\/10\\\/antenne_dach.jpg\",\"contentUrl\":\"http:\\\/\\\/bonny.tv\\\/wp-content\\\/uploads\\\/2021\\\/10\\\/antenne_dach.jpg\"},{\"@type\":\"BreadcrumbList\",\"@id\":\"https:\\\/\\\/bonny.tv\\\/?page_id=87#breadcrumb\",\"itemListElement\":[{\"@type\":\"ListItem\",\"position\":1,\"name\":\"Startseite\",\"item\":\"https:\\\/\\\/bonny.tv\\\/\"},{\"@type\":\"ListItem\",\"position\":2,\"name\":\"Satellitenanlagen\"}]},{\"@type\":\"WebSite\",\"@id\":\"https:\\\/\\\/bonny.tv\\\/#website\",\"url\":\"https:\\\/\\\/bonny.tv\\\/\",\"name\":\"Antennentechnik Bonny\",\"description\":\"Ludwig-Meyn-Strasse 7 * 25421 Pinneberg * 0172 410 40 46\",\"potentialAction\":[{\"@type\":\"SearchAction\",\"target\":{\"@type\":\"EntryPoint\",\"urlTemplate\":\"https:\\\/\\\/bonny.tv\\\/?s={search_term_string}\"},\"query-input\":{\"@type\":\"PropertyValueSpecification\",\"valueRequired\":true,\"valueName\":\"search_term_string\"}}],\"inLanguage\":\"de\"}]}<\/script>\n<!-- \/ Yoast SEO plugin. -->","yoast_head_json":{"title":"Satellitenanlagen - Antennentechnik Bonny","robots":{"index":"index","follow":"follow","max-snippet":"max-snippet:-1","max-image-preview":"max-image-preview:large","max-video-preview":"max-video-preview:-1"},"canonical":"https:\/\/bonny.tv\/?page_id=87","og_locale":"de_DE","og_type":"article","og_title":"Satellitenanlagen - Antennentechnik Bonny","og_description":"Die Anlagen werden von uns ausschlie\u00dflich mit sehr hochwertigen Materialien und nach den aktuellsten technischen Anforderungen installiert. Satellitenanlagen dienen der \u00dcbertragung von digitalen Fernseh- und Radioprogrammen in SD-, HD- und UHD-Qualit\u00e4t. Satellitenempfang hat gegen\u00fcber dem Kabelfernsehen und DVB-T2 entscheidende Vorteile wie: Sie bestimmen Ihr Programmangebot keine monatlichen Geb\u00fchren gr\u00f6\u00dfte Programmauswahl zukunftssicher Kontaktieren Sie uns, wir [&hellip;]","og_url":"https:\/\/bonny.tv\/?page_id=87","og_site_name":"Antennentechnik Bonny","article_modified_time":"2021-10-26T20:04:18+00:00","og_image":[{"url":"http:\/\/bonny.tv\/wp-content\/uploads\/2021\/10\/antenne_dach.jpg","type":"","width":"","height":""}],"twitter_card":"summary_large_image","schema":{"@context":"https:\/\/schema.org","@graph":[{"@type":"WebPage","@id":"https:\/\/bonny.tv\/?page_id=87","url":"https:\/\/bonny.tv\/?page_id=87","name":"Satellitenanlagen - Antennentechnik Bonny","isPartOf":{"@id":"https:\/\/bonny.tv\/#website"},"primaryImageOfPage":{"@id":"https:\/\/bonny.tv\/?page_id=87#primaryimage"},"image":{"@id":"https:\/\/bonny.tv\/?page_id=87#primaryimage"},"thumbnailUrl":"http:\/\/bonny.tv\/wp-content\/uploads\/2021\/10\/antenne_dach.jpg","datePublished":"2021-10-24T17:53:56+00:00","dateModified":"2021-10-26T20:04:18+00:00","breadcrumb":{"@id":"https:\/\/bonny.tv\/?page_id=87#breadcrumb"},"inLanguage":"de","potentialAction":[{"@type":"ReadAction","target":["https:\/\/bonny.tv\/?page_id=87"]}]},{"@type":"ImageObject","inLanguage":"de","@id":"https:\/\/bonny.tv\/?page_id=87#primaryimage","url":"http:\/\/bonny.tv\/wp-content\/uploads\/2021\/10\/antenne_dach.jpg","contentUrl":"http:\/\/bonny.tv\/wp-content\/uploads\/2021\/10\/antenne_dach.jpg"},{"@type":"BreadcrumbList","@id":"https:\/\/bonny.tv\/?page_id=87#breadcrumb","itemListElement":[{"@type":"ListItem","position":1,"name":"Startseite","item":"https:\/\/bonny.tv\/"},{"@type":"ListItem","position":2,"name":"Satellitenanlagen"}]},{"@type":"WebSite","@id":"https:\/\/bonny.tv\/#website","url":"https:\/\/bonny.tv\/","name":"Antennentechnik Bonny","description":"Ludwig-Meyn-Strasse 7 * 25421 Pinneberg * 0172 410 40 46","potentialAction":[{"@type":"SearchAction","target":{"@type":"EntryPoint","urlTemplate":"https:\/\/bonny.tv\/?s={search_term_string}"},"query-input":{"@type":"PropertyValueSpecification","valueRequired":true,"valueName":"search_term_string"}}],"inLanguage":"de"}]}},"_links":{"self":[{"href":"https:\/\/bonny.tv\/index.php?rest_route=\/wp\/v2\/pages\/87","targetHints":{"allow":["GET"]}}],"collection":[{"href":"https:\/\/bonny.tv\/index.php?rest_route=\/wp\/v2\/pages"}],"about":[{"href":"https:\/\/bonny.tv\/index.php?rest_route=\/wp\/v2\/types\/page"}],"author":[{"embeddable":true,"href":"https:\/\/bonny.tv\/index.php?rest_route=\/wp\/v2\/users\/1"}],"replies":[{"embeddable":true,"href":"https:\/\/bonny.tv\/index.php?rest_route=%2Fwp%2Fv2%2Fcomments&post=87"}],"version-history":[{"count":14,"href":"https:\/\/bonny.tv\/index.php?rest_route=\/wp\/v2\/pages\/87\/revisions"}],"predecessor-version":[{"id":215,"href":"https:\/\/bonny.tv\/index.php?rest_route=\/wp\/v2\/pages\/87\/revisions\/215"}],"wp:attachment":[{"href":"https:\/\/bonny.tv\/index.php?rest_route=%2Fwp%2Fv2%2Fmedia&parent=87"}],"curies":[{"name":"wp","href":"https:\/\/api.w.org\/{rel}","templated":true}]}}