{"id":21,"date":"2021-10-24T14:49:04","date_gmt":"2021-10-24T14:49:04","guid":{"rendered":"http:\/\/bonny.tv\/?page_id=21"},"modified":"2021-10-25T08:19:44","modified_gmt":"2021-10-25T08:19:44","slug":"ueber-uns","status":"publish","type":"page","link":"https:\/\/bonny.tv\/?page_id=21","title":{"rendered":"\u00dcber uns"},"content":{"rendered":"\n<p class=\"has-text-align-center has-black-color has-text-color\"><span class=\"has-inline-color has-black-color\">Mein Vater Ingo Bonny (geb. 1930) gr\u00fcndete am 23.01.1964 die damalige Firma:<\/span><\/p>\n\n\n\n<p class=\"has-text-align-center has-black-color has-text-color has-medium-font-size\"><strong>Funk- und Fernseh- Antennentechnik Ingo Bonny<\/strong><\/p>\n\n\n\n<p class=\"has-text-align-center has-black-color has-text-color\"><span class=\"has-inline-color has-black-color\">Durch den Tod meines Vaters 1996 \u00fcbernahm ich A.Bonny geb. 1966 die o.g. Firma und \u00e4nderte den Firmennamen<\/span><span class=\"has-inline-color has-cyan-bluish-gray-color\"> <\/span><span class=\"has-inline-color has-black-color\">in:<\/span><\/p>\n\n\n\n<p class=\"has-text-align-center has-black-color has-text-color has-medium-font-size\"><strong>Antennentechnik Bonny e.K.<\/strong><\/p>\n\n\n\n<p class=\"has-text-align-center has-black-color has-text-color\"><span class=\"has-inline-color has-black-color\">Wir sind Mitglied in der Handwerkskammer L\u00fcbeck. Der Betrieb ist in die Handwerksrolle f\u00fcr das Informationstechnikerhandwerk eingetragen.<\/span><\/p>\n\n\n\n<div class=\"wp-block-image\"><figure class=\"aligncenter size-full\"><img loading=\"lazy\" decoding=\"async\" width=\"244\" height=\"335\" src=\"https:\/\/bonny.tv\/wp-content\/uploads\/2021\/10\/ingo_model.jpg\" alt=\"\" class=\"wp-image-14\" srcset=\"https:\/\/bonny.tv\/wp-content\/uploads\/2021\/10\/ingo_model.jpg 244w, https:\/\/bonny.tv\/wp-content\/uploads\/2021\/10\/ingo_model-219x300.jpg 219w\" sizes=\"auto, (max-width: 244px) 100vw, 244px\" \/><\/figure><\/div>\n\n\n\n<p class=\"has-text-align-center\"><span class=\"has-inline-color has-black-color\">Das Bild zeigt meinen Vater bei der Montage<br>einer UHF-Antenne im Sommer 1966.<\/span><\/p>\n","protected":false},"excerpt":{"rendered":"<p>Mein Vater Ingo Bonny (geb. 1930) gr\u00fcndete am 23.01.1964 die damalige Firma: Funk- und Fernseh- Antennentechnik Ingo Bonny Durch den Tod meines Vaters 1996 \u00fcbernahm ich A.Bonny geb. 1966 die o.g. Firma und \u00e4nderte den Firmennamen in: Antennentechnik Bonny e.K. Wir sind Mitglied in der Handwerkskammer L\u00fcbeck. Der Betrieb ist in die Handwerksrolle f\u00fcr das [&hellip;]<\/p>\n","protected":false},"author":1,"featured_media":0,"parent":0,"menu_order":1,"comment_status":"closed","ping_status":"closed","template":"","meta":{"footnotes":""},"class_list":["post-21","page","type-page","status-publish","hentry"],"yoast_head":"<!-- This site is optimized with the Yoast SEO plugin v27.3 - https:\/\/yoast.com\/product\/yoast-seo-wordpress\/ -->\n<title>\u00dcber uns - Antennentechnik Bonny<\/title>\n<meta name=\"robots\" content=\"index, follow, max-snippet:-1, max-image-preview:large, max-video-preview:-1\" \/>\n<link rel=\"canonical\" href=\"https:\/\/bonny.tv\/?page_id=21\" \/>\n<meta property=\"og:locale\" content=\"de_DE\" \/>\n<meta property=\"og:type\" content=\"article\" \/>\n<meta property=\"og:title\" content=\"\u00dcber uns - Antennentechnik Bonny\" \/>\n<meta property=\"og:description\" content=\"Mein Vater Ingo Bonny (geb. 1930) gr\u00fcndete am 23.01.1964 die damalige Firma: Funk- und Fernseh- Antennentechnik Ingo Bonny Durch den Tod meines Vaters 1996 \u00fcbernahm ich A.Bonny geb. 1966 die o.g. Firma und \u00e4nderte den Firmennamen in: Antennentechnik Bonny e.K. Wir sind Mitglied in der Handwerkskammer L\u00fcbeck. Der Betrieb ist in die Handwerksrolle f\u00fcr das [&hellip;]\" \/>\n<meta property=\"og:url\" content=\"https:\/\/bonny.tv\/?page_id=21\" \/>\n<meta property=\"og:site_name\" content=\"Antennentechnik Bonny\" \/>\n<meta property=\"article:modified_time\" content=\"2021-10-25T08:19:44+00:00\" \/>\n<meta property=\"og:image\" content=\"http:\/\/bonny.tv\/wp-content\/uploads\/2021\/10\/ingo_model.jpg\" \/>\n<meta name=\"twitter:card\" content=\"summary_large_image\" \/>\n<script type=\"application\/ld+json\" class=\"yoast-schema-graph\">{\"@context\":\"https:\\\/\\\/schema.org\",\"@graph\":[{\"@type\":\"WebPage\",\"@id\":\"https:\\\/\\\/bonny.tv\\\/?page_id=21\",\"url\":\"https:\\\/\\\/bonny.tv\\\/?page_id=21\",\"name\":\"\u00dcber uns - Antennentechnik Bonny\",\"isPartOf\":{\"@id\":\"https:\\\/\\\/bonny.tv\\\/#website\"},\"primaryImageOfPage\":{\"@id\":\"https:\\\/\\\/bonny.tv\\\/?page_id=21#primaryimage\"},\"image\":{\"@id\":\"https:\\\/\\\/bonny.tv\\\/?page_id=21#primaryimage\"},\"thumbnailUrl\":\"http:\\\/\\\/bonny.tv\\\/wp-content\\\/uploads\\\/2021\\\/10\\\/ingo_model.jpg\",\"datePublished\":\"2021-10-24T14:49:04+00:00\",\"dateModified\":\"2021-10-25T08:19:44+00:00\",\"breadcrumb\":{\"@id\":\"https:\\\/\\\/bonny.tv\\\/?page_id=21#breadcrumb\"},\"inLanguage\":\"de\",\"potentialAction\":[{\"@type\":\"ReadAction\",\"target\":[\"https:\\\/\\\/bonny.tv\\\/?page_id=21\"]}]},{\"@type\":\"ImageObject\",\"inLanguage\":\"de\",\"@id\":\"https:\\\/\\\/bonny.tv\\\/?page_id=21#primaryimage\",\"url\":\"http:\\\/\\\/bonny.tv\\\/wp-content\\\/uploads\\\/2021\\\/10\\\/ingo_model.jpg\",\"contentUrl\":\"http:\\\/\\\/bonny.tv\\\/wp-content\\\/uploads\\\/2021\\\/10\\\/ingo_model.jpg\"},{\"@type\":\"BreadcrumbList\",\"@id\":\"https:\\\/\\\/bonny.tv\\\/?page_id=21#breadcrumb\",\"itemListElement\":[{\"@type\":\"ListItem\",\"position\":1,\"name\":\"Startseite\",\"item\":\"https:\\\/\\\/bonny.tv\\\/\"},{\"@type\":\"ListItem\",\"position\":2,\"name\":\"\u00dcber uns\"}]},{\"@type\":\"WebSite\",\"@id\":\"https:\\\/\\\/bonny.tv\\\/#website\",\"url\":\"https:\\\/\\\/bonny.tv\\\/\",\"name\":\"Antennentechnik Bonny\",\"description\":\"Ludwig-Meyn-Strasse 7 * 25421 Pinneberg * 0172 410 40 46\",\"potentialAction\":[{\"@type\":\"SearchAction\",\"target\":{\"@type\":\"EntryPoint\",\"urlTemplate\":\"https:\\\/\\\/bonny.tv\\\/?s={search_term_string}\"},\"query-input\":{\"@type\":\"PropertyValueSpecification\",\"valueRequired\":true,\"valueName\":\"search_term_string\"}}],\"inLanguage\":\"de\"}]}<\/script>\n<!-- \/ Yoast SEO plugin. -->","yoast_head_json":{"title":"\u00dcber uns - Antennentechnik Bonny","robots":{"index":"index","follow":"follow","max-snippet":"max-snippet:-1","max-image-preview":"max-image-preview:large","max-video-preview":"max-video-preview:-1"},"canonical":"https:\/\/bonny.tv\/?page_id=21","og_locale":"de_DE","og_type":"article","og_title":"\u00dcber uns - Antennentechnik Bonny","og_description":"Mein Vater Ingo Bonny (geb. 1930) gr\u00fcndete am 23.01.1964 die damalige Firma: Funk- und Fernseh- Antennentechnik Ingo Bonny Durch den Tod meines Vaters 1996 \u00fcbernahm ich A.Bonny geb. 1966 die o.g. Firma und \u00e4nderte den Firmennamen in: Antennentechnik Bonny e.K. Wir sind Mitglied in der Handwerkskammer L\u00fcbeck. Der Betrieb ist in die Handwerksrolle f\u00fcr das [&hellip;]","og_url":"https:\/\/bonny.tv\/?page_id=21","og_site_name":"Antennentechnik Bonny","article_modified_time":"2021-10-25T08:19:44+00:00","og_image":[{"url":"http:\/\/bonny.tv\/wp-content\/uploads\/2021\/10\/ingo_model.jpg","type":"","width":"","height":""}],"twitter_card":"summary_large_image","schema":{"@context":"https:\/\/schema.org","@graph":[{"@type":"WebPage","@id":"https:\/\/bonny.tv\/?page_id=21","url":"https:\/\/bonny.tv\/?page_id=21","name":"\u00dcber uns - Antennentechnik Bonny","isPartOf":{"@id":"https:\/\/bonny.tv\/#website"},"primaryImageOfPage":{"@id":"https:\/\/bonny.tv\/?page_id=21#primaryimage"},"image":{"@id":"https:\/\/bonny.tv\/?page_id=21#primaryimage"},"thumbnailUrl":"http:\/\/bonny.tv\/wp-content\/uploads\/2021\/10\/ingo_model.jpg","datePublished":"2021-10-24T14:49:04+00:00","dateModified":"2021-10-25T08:19:44+00:00","breadcrumb":{"@id":"https:\/\/bonny.tv\/?page_id=21#breadcrumb"},"inLanguage":"de","potentialAction":[{"@type":"ReadAction","target":["https:\/\/bonny.tv\/?page_id=21"]}]},{"@type":"ImageObject","inLanguage":"de","@id":"https:\/\/bonny.tv\/?page_id=21#primaryimage","url":"http:\/\/bonny.tv\/wp-content\/uploads\/2021\/10\/ingo_model.jpg","contentUrl":"http:\/\/bonny.tv\/wp-content\/uploads\/2021\/10\/ingo_model.jpg"},{"@type":"BreadcrumbList","@id":"https:\/\/bonny.tv\/?page_id=21#breadcrumb","itemListElement":[{"@type":"ListItem","position":1,"name":"Startseite","item":"https:\/\/bonny.tv\/"},{"@type":"ListItem","position":2,"name":"\u00dcber uns"}]},{"@type":"WebSite","@id":"https:\/\/bonny.tv\/#website","url":"https:\/\/bonny.tv\/","name":"Antennentechnik Bonny","description":"Ludwig-Meyn-Strasse 7 * 25421 Pinneberg * 0172 410 40 46","potentialAction":[{"@type":"SearchAction","target":{"@type":"EntryPoint","urlTemplate":"https:\/\/bonny.tv\/?s={search_term_string}"},"query-input":{"@type":"PropertyValueSpecification","valueRequired":true,"valueName":"search_term_string"}}],"inLanguage":"de"}]}},"_links":{"self":[{"href":"https:\/\/bonny.tv\/index.php?rest_route=\/wp\/v2\/pages\/21","targetHints":{"allow":["GET"]}}],"collection":[{"href":"https:\/\/bonny.tv\/index.php?rest_route=\/wp\/v2\/pages"}],"about":[{"href":"https:\/\/bonny.tv\/index.php?rest_route=\/wp\/v2\/types\/page"}],"author":[{"embeddable":true,"href":"https:\/\/bonny.tv\/index.php?rest_route=\/wp\/v2\/users\/1"}],"replies":[{"embeddable":true,"href":"https:\/\/bonny.tv\/index.php?rest_route=%2Fwp%2Fv2%2Fcomments&post=21"}],"version-history":[{"count":13,"href":"https:\/\/bonny.tv\/index.php?rest_route=\/wp\/v2\/pages\/21\/revisions"}],"predecessor-version":[{"id":190,"href":"https:\/\/bonny.tv\/index.php?rest_route=\/wp\/v2\/pages\/21\/revisions\/190"}],"wp:attachment":[{"href":"https:\/\/bonny.tv\/index.php?rest_route=%2Fwp%2Fv2%2Fmedia&parent=21"}],"curies":[{"name":"wp","href":"https:\/\/api.w.org\/{rel}","templated":true}]}}