{"id":20,"date":"2021-10-24T14:49:04","date_gmt":"2021-10-24T14:49:04","guid":{"rendered":"http:\/\/bonny.tv\/?page_id=20"},"modified":"2021-10-25T11:17:30","modified_gmt":"2021-10-25T11:17:30","slug":"service","status":"publish","type":"page","link":"https:\/\/bonny.tv\/?page_id=20","title":{"rendered":"Service"},"content":{"rendered":"\n<p class=\"has-black-color has-text-color\"><span class=\"has-inline-color has-black-color\">Profitieren Sie von unserer jahrzehntelangen Erfahrung in der Projektplanung und Ausf\u00fchrung von Arbeiten an Antennen-Anlagen. Ob es sich um eine Einzel-, Mehrteilnehmer- oder Gemeinschaftsanlagen handelt, wir werden f\u00fcr Sie die optimale Systeml\u00f6sung finden.<\/span><\/p>\n\n\n\n<p class=\"has-black-color has-text-color\"><span class=\"has-inline-color has-black-color\">Die Ausstattung mit High-End Messger\u00e4ten erm\u00f6glicht es uns im St\u00f6rungsfall die Fehler in Ihrer Satelliten-, Kabelfernseh-<\/span> <span class=\"has-inline-color has-black-color\">oder DVB-T2-Anlage schnellstens zu lokalisieren und zu beseitigen.<\/span><\/p>\n\n\n\n<div class=\"wp-block-image is-style-default\"><figure class=\"aligncenter size-full is-resized\"><img loading=\"lazy\" decoding=\"async\" src=\"https:\/\/bonny.tv\/wp-content\/uploads\/2021\/10\/MSK-140.jpg\" alt=\"\" class=\"wp-image-69\" width=\"291\" height=\"182\" srcset=\"https:\/\/bonny.tv\/wp-content\/uploads\/2021\/10\/MSK-140.jpg 358w, https:\/\/bonny.tv\/wp-content\/uploads\/2021\/10\/MSK-140-300x189.jpg 300w\" sizes=\"auto, (max-width: 291px) 100vw, 291px\" \/><figcaption><span class=\"has-inline-color has-black-color\">Kathrein MSK140<\/span>\/OHD Messempf\u00e4nger<\/figcaption><\/figure><\/div>\n","protected":false},"excerpt":{"rendered":"<p>Profitieren Sie von unserer jahrzehntelangen Erfahrung in der Projektplanung und Ausf\u00fchrung von Arbeiten an Antennen-Anlagen. Ob es sich um eine Einzel-, Mehrteilnehmer- oder Gemeinschaftsanlagen handelt, wir werden f\u00fcr Sie die optimale Systeml\u00f6sung finden. Die Ausstattung mit High-End Messger\u00e4ten erm\u00f6glicht es uns im St\u00f6rungsfall die Fehler in Ihrer Satelliten-, Kabelfernseh- oder DVB-T2-Anlage schnellstens zu lokalisieren und [&hellip;]<\/p>\n","protected":false},"author":1,"featured_media":0,"parent":0,"menu_order":0,"comment_status":"closed","ping_status":"closed","template":"","meta":{"footnotes":""},"class_list":["post-20","page","type-page","status-publish","hentry"],"yoast_head":"<!-- This site is optimized with the Yoast SEO plugin v27.3 - https:\/\/yoast.com\/product\/yoast-seo-wordpress\/ -->\n<title>Service - Antennentechnik Bonny<\/title>\n<meta name=\"robots\" content=\"index, follow, max-snippet:-1, max-image-preview:large, max-video-preview:-1\" \/>\n<link rel=\"canonical\" href=\"https:\/\/bonny.tv\/?page_id=20\" \/>\n<meta property=\"og:locale\" content=\"de_DE\" \/>\n<meta property=\"og:type\" content=\"article\" \/>\n<meta property=\"og:title\" content=\"Service - Antennentechnik Bonny\" \/>\n<meta property=\"og:description\" content=\"Profitieren Sie von unserer jahrzehntelangen Erfahrung in der Projektplanung und Ausf\u00fchrung von Arbeiten an Antennen-Anlagen. Ob es sich um eine Einzel-, Mehrteilnehmer- oder Gemeinschaftsanlagen handelt, wir werden f\u00fcr Sie die optimale Systeml\u00f6sung finden. Die Ausstattung mit High-End Messger\u00e4ten erm\u00f6glicht es uns im St\u00f6rungsfall die Fehler in Ihrer Satelliten-, Kabelfernseh- oder DVB-T2-Anlage schnellstens zu lokalisieren und [&hellip;]\" \/>\n<meta property=\"og:url\" content=\"https:\/\/bonny.tv\/?page_id=20\" \/>\n<meta property=\"og:site_name\" content=\"Antennentechnik Bonny\" \/>\n<meta property=\"article:modified_time\" content=\"2021-10-25T11:17:30+00:00\" \/>\n<meta property=\"og:image\" content=\"http:\/\/bonny.tv\/wp-content\/uploads\/2021\/10\/MSK-140.jpg\" \/>\n<meta name=\"twitter:card\" content=\"summary_large_image\" \/>\n<script type=\"application\/ld+json\" class=\"yoast-schema-graph\">{\"@context\":\"https:\\\/\\\/schema.org\",\"@graph\":[{\"@type\":\"WebPage\",\"@id\":\"https:\\\/\\\/bonny.tv\\\/?page_id=20\",\"url\":\"https:\\\/\\\/bonny.tv\\\/?page_id=20\",\"name\":\"Service - Antennentechnik Bonny\",\"isPartOf\":{\"@id\":\"https:\\\/\\\/bonny.tv\\\/#website\"},\"primaryImageOfPage\":{\"@id\":\"https:\\\/\\\/bonny.tv\\\/?page_id=20#primaryimage\"},\"image\":{\"@id\":\"https:\\\/\\\/bonny.tv\\\/?page_id=20#primaryimage\"},\"thumbnailUrl\":\"http:\\\/\\\/bonny.tv\\\/wp-content\\\/uploads\\\/2021\\\/10\\\/MSK-140.jpg\",\"datePublished\":\"2021-10-24T14:49:04+00:00\",\"dateModified\":\"2021-10-25T11:17:30+00:00\",\"breadcrumb\":{\"@id\":\"https:\\\/\\\/bonny.tv\\\/?page_id=20#breadcrumb\"},\"inLanguage\":\"de\",\"potentialAction\":[{\"@type\":\"ReadAction\",\"target\":[\"https:\\\/\\\/bonny.tv\\\/?page_id=20\"]}]},{\"@type\":\"ImageObject\",\"inLanguage\":\"de\",\"@id\":\"https:\\\/\\\/bonny.tv\\\/?page_id=20#primaryimage\",\"url\":\"http:\\\/\\\/bonny.tv\\\/wp-content\\\/uploads\\\/2021\\\/10\\\/MSK-140.jpg\",\"contentUrl\":\"http:\\\/\\\/bonny.tv\\\/wp-content\\\/uploads\\\/2021\\\/10\\\/MSK-140.jpg\"},{\"@type\":\"BreadcrumbList\",\"@id\":\"https:\\\/\\\/bonny.tv\\\/?page_id=20#breadcrumb\",\"itemListElement\":[{\"@type\":\"ListItem\",\"position\":1,\"name\":\"Startseite\",\"item\":\"https:\\\/\\\/bonny.tv\\\/\"},{\"@type\":\"ListItem\",\"position\":2,\"name\":\"Service\"}]},{\"@type\":\"WebSite\",\"@id\":\"https:\\\/\\\/bonny.tv\\\/#website\",\"url\":\"https:\\\/\\\/bonny.tv\\\/\",\"name\":\"Antennentechnik Bonny\",\"description\":\"Ludwig-Meyn-Strasse 7 * 25421 Pinneberg * 0172 410 40 46\",\"potentialAction\":[{\"@type\":\"SearchAction\",\"target\":{\"@type\":\"EntryPoint\",\"urlTemplate\":\"https:\\\/\\\/bonny.tv\\\/?s={search_term_string}\"},\"query-input\":{\"@type\":\"PropertyValueSpecification\",\"valueRequired\":true,\"valueName\":\"search_term_string\"}}],\"inLanguage\":\"de\"}]}<\/script>\n<!-- \/ Yoast SEO plugin. -->","yoast_head_json":{"title":"Service - Antennentechnik Bonny","robots":{"index":"index","follow":"follow","max-snippet":"max-snippet:-1","max-image-preview":"max-image-preview:large","max-video-preview":"max-video-preview:-1"},"canonical":"https:\/\/bonny.tv\/?page_id=20","og_locale":"de_DE","og_type":"article","og_title":"Service - Antennentechnik Bonny","og_description":"Profitieren Sie von unserer jahrzehntelangen Erfahrung in der Projektplanung und Ausf\u00fchrung von Arbeiten an Antennen-Anlagen. Ob es sich um eine Einzel-, Mehrteilnehmer- oder Gemeinschaftsanlagen handelt, wir werden f\u00fcr Sie die optimale Systeml\u00f6sung finden. Die Ausstattung mit High-End Messger\u00e4ten erm\u00f6glicht es uns im St\u00f6rungsfall die Fehler in Ihrer Satelliten-, Kabelfernseh- oder DVB-T2-Anlage schnellstens zu lokalisieren und [&hellip;]","og_url":"https:\/\/bonny.tv\/?page_id=20","og_site_name":"Antennentechnik Bonny","article_modified_time":"2021-10-25T11:17:30+00:00","og_image":[{"url":"http:\/\/bonny.tv\/wp-content\/uploads\/2021\/10\/MSK-140.jpg","type":"","width":"","height":""}],"twitter_card":"summary_large_image","schema":{"@context":"https:\/\/schema.org","@graph":[{"@type":"WebPage","@id":"https:\/\/bonny.tv\/?page_id=20","url":"https:\/\/bonny.tv\/?page_id=20","name":"Service - Antennentechnik Bonny","isPartOf":{"@id":"https:\/\/bonny.tv\/#website"},"primaryImageOfPage":{"@id":"https:\/\/bonny.tv\/?page_id=20#primaryimage"},"image":{"@id":"https:\/\/bonny.tv\/?page_id=20#primaryimage"},"thumbnailUrl":"http:\/\/bonny.tv\/wp-content\/uploads\/2021\/10\/MSK-140.jpg","datePublished":"2021-10-24T14:49:04+00:00","dateModified":"2021-10-25T11:17:30+00:00","breadcrumb":{"@id":"https:\/\/bonny.tv\/?page_id=20#breadcrumb"},"inLanguage":"de","potentialAction":[{"@type":"ReadAction","target":["https:\/\/bonny.tv\/?page_id=20"]}]},{"@type":"ImageObject","inLanguage":"de","@id":"https:\/\/bonny.tv\/?page_id=20#primaryimage","url":"http:\/\/bonny.tv\/wp-content\/uploads\/2021\/10\/MSK-140.jpg","contentUrl":"http:\/\/bonny.tv\/wp-content\/uploads\/2021\/10\/MSK-140.jpg"},{"@type":"BreadcrumbList","@id":"https:\/\/bonny.tv\/?page_id=20#breadcrumb","itemListElement":[{"@type":"ListItem","position":1,"name":"Startseite","item":"https:\/\/bonny.tv\/"},{"@type":"ListItem","position":2,"name":"Service"}]},{"@type":"WebSite","@id":"https:\/\/bonny.tv\/#website","url":"https:\/\/bonny.tv\/","name":"Antennentechnik Bonny","description":"Ludwig-Meyn-Strasse 7 * 25421 Pinneberg * 0172 410 40 46","potentialAction":[{"@type":"SearchAction","target":{"@type":"EntryPoint","urlTemplate":"https:\/\/bonny.tv\/?s={search_term_string}"},"query-input":{"@type":"PropertyValueSpecification","valueRequired":true,"valueName":"search_term_string"}}],"inLanguage":"de"}]}},"_links":{"self":[{"href":"https:\/\/bonny.tv\/index.php?rest_route=\/wp\/v2\/pages\/20","targetHints":{"allow":["GET"]}}],"collection":[{"href":"https:\/\/bonny.tv\/index.php?rest_route=\/wp\/v2\/pages"}],"about":[{"href":"https:\/\/bonny.tv\/index.php?rest_route=\/wp\/v2\/types\/page"}],"author":[{"embeddable":true,"href":"https:\/\/bonny.tv\/index.php?rest_route=\/wp\/v2\/users\/1"}],"replies":[{"embeddable":true,"href":"https:\/\/bonny.tv\/index.php?rest_route=%2Fwp%2Fv2%2Fcomments&post=20"}],"version-history":[{"count":12,"href":"https:\/\/bonny.tv\/index.php?rest_route=\/wp\/v2\/pages\/20\/revisions"}],"predecessor-version":[{"id":208,"href":"https:\/\/bonny.tv\/index.php?rest_route=\/wp\/v2\/pages\/20\/revisions\/208"}],"wp:attachment":[{"href":"https:\/\/bonny.tv\/index.php?rest_route=%2Fwp%2Fv2%2Fmedia&parent=20"}],"curies":[{"name":"wp","href":"https:\/\/api.w.org\/{rel}","templated":true}]}}